{"id":49,"date":"2023-03-06T16:18:43","date_gmt":"2023-03-06T19:18:43","guid":{"rendered":"http:\/\/ajesoft-com-br.umbler.net\/?page_id=49"},"modified":"2023-03-27T12:45:19","modified_gmt":"2023-03-27T15:45:19","slug":"sobre","status":"publish","type":"page","link":"https:\/\/ajesoft.com.br\/?page_id=49","title":{"rendered":"Sobre"},"content":{"rendered":"\n<p class=\"has-text-align-left has-black-color has-text-color\">Somos uma equipe diversificada em conhecimento. <\/p>\n\n\n\n<p class=\"has-text-align-left has-black-color has-text-color\">Cada integrante do nosso time possui conhecimentos e caracter\u00edsticas que agregam para uma vis\u00e3o mais ampla de como levar a melhor experi\u00eancia de utiliza\u00e7\u00e3o e implanta\u00e7\u00e3o dos nossos produtos. Estamos em evolu\u00e7\u00e3o constante e atentos as mudan\u00e7as do mercado e dos modelos de organiza\u00e7\u00e3o.<\/p>\n\n\n\n<div class=\"wp-block-columns is-layout-flex wp-container-core-columns-is-layout-9d6595d7 wp-block-columns-is-layout-flex\">\n<div class=\"wp-block-column is-layout-flow wp-block-column-is-layout-flow\">\n<p class=\"has-text-align-left has-medium-font-size\"><em>Software deve ser simples, pr\u00e1tico e de f\u00e1cil utiliza\u00e7\u00e3o.<\/em><br><em>Tecnologia deve fazer sentido ao modelo de neg\u00f3cio.<\/em><br><em>Melhorias s\u00e3o bem vindas desde que n\u00e3o sejam bengalas.<\/em><br><em>Devemos fazer o simples e, s\u00f3 ap\u00f3s fazer o simples, iniciar o mais complexo.<\/em><br><em>Tenha certeza que entenderam o que quer\u00edamos falar e n\u00e3o o que queriam entende<\/em>r.<\/p>\n<\/div>\n<\/div>\n\n\n\n<div class=\"wp-block-columns is-layout-flex wp-container-core-columns-is-layout-9d6595d7 wp-block-columns-is-layout-flex\">\n<div class=\"wp-block-column is-layout-flow wp-block-column-is-layout-flow\">\n<figure class=\"wp-block-image size-full\"><img loading=\"lazy\" decoding=\"async\" width=\"1920\" height=\"432\" src=\"https:\/\/ajesoft.com.br\/wp-content\/uploads\/2023\/03\/Footer_sobre.png\" alt=\"\" class=\"wp-image-177\" srcset=\"https:\/\/ajesoft.com.br\/wp-content\/uploads\/2023\/03\/Footer_sobre.png 1920w, https:\/\/ajesoft.com.br\/wp-content\/uploads\/2023\/03\/Footer_sobre-300x68.png 300w, https:\/\/ajesoft.com.br\/wp-content\/uploads\/2023\/03\/Footer_sobre-1024x230.png 1024w, https:\/\/ajesoft.com.br\/wp-content\/uploads\/2023\/03\/Footer_sobre-768x173.png 768w, https:\/\/ajesoft.com.br\/wp-content\/uploads\/2023\/03\/Footer_sobre-1536x346.png 1536w\" sizes=\"auto, (max-width: 1920px) 100vw, 1920px\" \/><\/figure>\n<\/div>\n<\/div>\n\n\n\n<p><\/p>\n","protected":false},"excerpt":{"rendered":"<p>Somos uma equipe diversificada em conhecimento. Cada integrante do nosso time possui conhecimentos e caracter\u00edsticas que agregam para uma vis\u00e3o mais ampla de como levar a melhor experi\u00eancia de utiliza\u00e7\u00e3o e implanta\u00e7\u00e3o dos nossos produtos. Estamos em evolu\u00e7\u00e3o constante e atentos as mudan\u00e7as do mercado e dos modelos de organiza\u00e7\u00e3o. Software deve ser simples, pr\u00e1tico [&hellip;]<\/p>\n","protected":false},"author":1,"featured_media":0,"parent":0,"menu_order":0,"comment_status":"closed","ping_status":"closed","template":"","meta":{"footnotes":""},"class_list":["post-49","page","type-page","status-publish","hentry"],"_links":{"self":[{"href":"https:\/\/ajesoft.com.br\/index.php?rest_route=\/wp\/v2\/pages\/49","targetHints":{"allow":["GET"]}}],"collection":[{"href":"https:\/\/ajesoft.com.br\/index.php?rest_route=\/wp\/v2\/pages"}],"about":[{"href":"https:\/\/ajesoft.com.br\/index.php?rest_route=\/wp\/v2\/types\/page"}],"author":[{"embeddable":true,"href":"https:\/\/ajesoft.com.br\/index.php?rest_route=\/wp\/v2\/users\/1"}],"replies":[{"embeddable":true,"href":"https:\/\/ajesoft.com.br\/index.php?rest_route=%2Fwp%2Fv2%2Fcomments&post=49"}],"version-history":[{"count":10,"href":"https:\/\/ajesoft.com.br\/index.php?rest_route=\/wp\/v2\/pages\/49\/revisions"}],"predecessor-version":[{"id":179,"href":"https:\/\/ajesoft.com.br\/index.php?rest_route=\/wp\/v2\/pages\/49\/revisions\/179"}],"wp:attachment":[{"href":"https:\/\/ajesoft.com.br\/index.php?rest_route=%2Fwp%2Fv2%2Fmedia&parent=49"}],"curies":[{"name":"wp","href":"https:\/\/api.w.org\/{rel}","templated":true}]}}